{"id":1023,"date":"2020-09-22T03:28:53","date_gmt":"2020-09-22T03:28:53","guid":{"rendered":"http:\/\/wpdemo.archiwp.com\/maxbizz\/?page_id=1023"},"modified":"2023-12-27T11:42:16","modified_gmt":"2023-12-27T11:42:16","slug":"home","status":"publish","type":"page","link":"https:\/\/he-conseil.com\/","title":{"rendered":"Home"},"content":{"rendered":"\t\t<div data-elementor-type=\"wp-page\" data-elementor-id=\"1023\" class=\"elementor elementor-1023\">\n\t\t\t\t\t\t\t<div class=\"elementor-element elementor-element-7b71478 e-con-full e-flex e-con e-parent\" data-id=\"7b71478\" data-element_type=\"container\" data-settings=\"{&quot;content_width&quot;:&quot;full&quot;}\" data-core-v316-plus=\"true\">\n\t\t\t\t<div class=\"elementor-element elementor-element-e8d65a9 elementor-widget elementor-widget-shortcode\" data-id=\"e8d65a9\" data-element_type=\"widget\" data-widget_type=\"shortcode.default\">\n\t\t\t\t<div class=\"elementor-widget-container\">\n\t\t\t\t\t<div class=\"elementor-shortcode\">\n\t\t<!-- MasterSlider -->\n\t\t<div id=\"P_MS69e0c94d79084\" class=\"master-slider-parent msl ms-parent-id-1\" style=\"\">\n\n\t\t\t\n\t\t\t<!-- MasterSlider Main -->\n\t\t\t<div id=\"MS69e0c94d79084\" class=\"master-slider ms-skin-light-2\" >\n\t\t\t\t \t\t\t\t \n\t\t\t\t<div  class=\"ms-slide\" data-delay=\"3\" data-fill-mode=\"fill\"  >\n\t\t\t\t\t<img decoding=\"async\" src=\"https:\/\/he-conseil.com\/wp-content\/plugins\/master-slider\/public\/assets\/css\/blank.gif\" alt=\"\" title=\"\" data-src=\"https:\/\/he-conseil.com\/wp-content\/uploads\/2023\/12\/1HE_C-min.jpg\" \/>\n\n\n\t<div class=\"ms-thumb\" ><div class=\"ms-tab-context\"><div class=\"&quot;ms-tab-context&quot;\"><\/div><\/div>\n<\/div>\n\t\t\t\t<\/div>\n\t\t\t\t<div  class=\"ms-slide\" data-delay=\"3\" data-fill-mode=\"fill\"  >\n\t\t\t\t\t<img decoding=\"async\" src=\"https:\/\/he-conseil.com\/wp-content\/plugins\/master-slider\/public\/assets\/css\/blank.gif\" alt=\"\" title=\"\" data-src=\"https:\/\/he-conseil.com\/wp-content\/uploads\/2023\/12\/4HE_C-min.jpg\" \/>\n\n\n\t<div class=\"ms-thumb\" ><div class=\"ms-tab-context\"><div class=\"&quot;ms-tab-context&quot;\"><\/div><\/div>\n<\/div>\n\t\t\t\t<\/div>\n\t\t\t\t<div  class=\"ms-slide\" data-delay=\"3\" data-fill-mode=\"fill\"  >\n\t\t\t\t\t<img decoding=\"async\" src=\"https:\/\/he-conseil.com\/wp-content\/plugins\/master-slider\/public\/assets\/css\/blank.gif\" alt=\"\" title=\"\" data-src=\"https:\/\/he-conseil.com\/wp-content\/uploads\/2023\/12\/2HE_C-min.jpg\" \/>\n\n\n\t<div class=\"ms-thumb\" ><div class=\"ms-tab-context\"><div class=\"&quot;ms-tab-context&quot;\"><\/div><\/div>\n<\/div>\n\t\t\t\t<\/div>\n\n\t\t\t<\/div>\n\t\t\t<!-- END MasterSlider Main -->\n\n\t\t\t \n\t\t<\/div>\n\t\t<!-- END MasterSlider -->\n\n\t\t<script>\n\t\t(function ( $ ) {\n\t\t\t\"use strict\";\n\n\t\t\t$(function () {\n\t\t\t\tvar masterslider_9084 = new MasterSlider();\n\n\t\t\t\t\/\/ slider controls\n\t\t\t\tmasterslider_9084.control('arrows'     ,{ autohide:true, overVideo:true  });\n\t\t\t\t\/\/ slider setup\n\t\t\t\tmasterslider_9084.setup(\"MS69e0c94d79084\", {\n\t\t\t\t\t\twidth           : 1920,\n\t\t\t\t\t\theight          : 700,\n\t\t\t\t\t\tminHeight       : 0,\n\t\t\t\t\t\tspace           : 0,\n\t\t\t\t\t\tstart           : 1,\n\t\t\t\t\t\tgrabCursor      : true,\n\t\t\t\t\t\tswipe           : true,\n\t\t\t\t\t\tmouse           : true,\n\t\t\t\t\t\tlayout          : \"fullwidth\",\n\t\t\t\t\t\twheel           : false,\n\t\t\t\t\t\tautoplay        : true,\n\t\t\t\t\t\tinstantStartLayers:false,\n\t\t\t\t\t\tloop            : false,\n\t\t\t\t\t\tshuffle         : false,\n\t\t\t\t\t\tpreload         : 0,\n\t\t\t\t\t\theightLimit     : true,\n\t\t\t\t\t\tautoHeight      : false,\n\t\t\t\t\t\tsmoothHeight    : true,\n\t\t\t\t\t\tendPause        : false,\n\t\t\t\t\t\toverPause       : true,\n\t\t\t\t\t\tfillMode        : \"fill\",\n\t\t\t\t\t\tcenterControls  : true,\n\t\t\t\t\t\tstartOnAppear   : false,\n\t\t\t\t\t\tlayersMode      : \"center\",\n\t\t\t\t\t\thideLayers      : false,\n\t\t\t\t\t\tfullscreenMargin: 0,\n\t\t\t\t\t\tspeed           : 20,\n\t\t\t\t\t\tdir             : \"h\",\n\t\t\t\t\t\tparallaxMode    : 'swipe',\n\t\t\t\t\t\tview            : \"basic\"\n\t\t\t\t});\n\n\t\t\t\t\n\t\t\t\twindow.masterslider_instances = window.masterslider_instances || [];\n\t\t\t\twindow.masterslider_instances.push( masterslider_9084 );\n\t\t\t });\n\n\t\t})(jQuery);\n\t\t<\/script>\n\n<\/div>\n\t\t\t\t<\/div>\n\t\t\t\t<\/div>\n\t\t\t\t<\/div>\n\t\t<div class=\"elementor-element elementor-element-2fc398a e-flex e-con-boxed e-con e-parent\" data-id=\"2fc398a\" data-element_type=\"container\" data-settings=\"{&quot;background_background&quot;:&quot;classic&quot;,&quot;content_width&quot;:&quot;boxed&quot;}\" data-core-v316-plus=\"true\">\n\t\t\t\t\t<div class=\"e-con-inner\">\n\t\t\t\t<div class=\"elementor-element elementor-element-a9ef85f elementor-widget elementor-widget-heading\" data-id=\"a9ef85f\" data-element_type=\"widget\" data-widget_type=\"heading.default\">\n\t\t\t\t<div class=\"elementor-widget-container\">\n\t\t\t<style>\/*! elementor - v3.18.0 - 08-12-2023 *\/\n.elementor-heading-title{padding:0;margin:0;line-height:1}.elementor-widget-heading .elementor-heading-title[class*=elementor-size-]>a{color:inherit;font-size:inherit;line-height:inherit}.elementor-widget-heading .elementor-heading-title.elementor-size-small{font-size:15px}.elementor-widget-heading .elementor-heading-title.elementor-size-medium{font-size:19px}.elementor-widget-heading .elementor-heading-title.elementor-size-large{font-size:29px}.elementor-widget-heading .elementor-heading-title.elementor-size-xl{font-size:39px}.elementor-widget-heading .elementor-heading-title.elementor-size-xxl{font-size:59px}<\/style><h4 class=\"elementor-heading-title elementor-size-default\">Holding exp\u00e9rience conseils ...Bienvenue<\/h4>\t\t<\/div>\n\t\t\t\t<\/div>\n\t\t\t\t\t<\/div>\n\t\t\t\t<\/div>\n\t\t\t\t<section class=\"elementor-section elementor-top-section elementor-element elementor-element-4c31c8f elementor-section-content-middle elementor-section-boxed elementor-section-height-default elementor-section-height-default\" data-id=\"4c31c8f\" data-element_type=\"section\">\n\t\t\t\t\t\t<div class=\"elementor-container elementor-column-gap-extended\">\n\t\t\t\t\t<div class=\"elementor-column elementor-col-66 elementor-top-column elementor-element elementor-element-61532bf ot-flex-column-vertical\" data-id=\"61532bf\" data-element_type=\"column\">\n\t\t\t<div class=\"elementor-widget-wrap elementor-element-populated\">\n\t\t\t\t\t\t\t\t<div class=\"elementor-element elementor-element-45e488c elementor-widget elementor-widget-image\" data-id=\"45e488c\" data-element_type=\"widget\" data-widget_type=\"image.default\">\n\t\t\t\t<div class=\"elementor-widget-container\">\n\t\t\t<style>\/*! elementor - v3.18.0 - 08-12-2023 *\/\n.elementor-widget-image{text-align:center}.elementor-widget-image a{display:inline-block}.elementor-widget-image a img[src$=\".svg\"]{width:48px}.elementor-widget-image img{vertical-align:middle;display:inline-block}<\/style>\t\t\t\t\t\t\t\t\t\t\t\t<img fetchpriority=\"high\" decoding=\"async\" width=\"2000\" height=\"1334\" src=\"https:\/\/he-conseil.com\/wp-content\/uploads\/2023\/12\/personnes-au-bureau-pendant-journee-travail.jpg\" class=\"attachment-full size-full wp-image-2385\" alt=\"\" srcset=\"https:\/\/he-conseil.com\/wp-content\/uploads\/2023\/12\/personnes-au-bureau-pendant-journee-travail.jpg 2000w, https:\/\/he-conseil.com\/wp-content\/uploads\/2023\/12\/personnes-au-bureau-pendant-journee-travail-300x200.jpg 300w, https:\/\/he-conseil.com\/wp-content\/uploads\/2023\/12\/personnes-au-bureau-pendant-journee-travail-1024x683.jpg 1024w, https:\/\/he-conseil.com\/wp-content\/uploads\/2023\/12\/personnes-au-bureau-pendant-journee-travail-768x512.jpg 768w, https:\/\/he-conseil.com\/wp-content\/uploads\/2023\/12\/personnes-au-bureau-pendant-journee-travail-1536x1025.jpg 1536w, https:\/\/he-conseil.com\/wp-content\/uploads\/2023\/12\/personnes-au-bureau-pendant-journee-travail-600x400.jpg 600w\" sizes=\"(max-width: 2000px) 100vw, 2000px\" \/>\t\t\t\t\t\t\t\t\t\t\t\t\t\t\t<\/div>\n\t\t\t\t<\/div>\n\t\t\t\t\t<\/div>\n\t\t<\/div>\n\t\t\t\t<div class=\"elementor-column elementor-col-33 elementor-top-column elementor-element elementor-element-c5fca5d ot-flex-column-vertical\" data-id=\"c5fca5d\" data-element_type=\"column\">\n\t\t\t<div class=\"elementor-widget-wrap elementor-element-populated\">\n\t\t\t\t\t\t\t\t<div class=\"elementor-element elementor-element-fcc3816 elementor-widget elementor-widget-iheading\" data-id=\"fcc3816\" data-element_type=\"widget\" data-widget_type=\"iheading.default\">\n\t\t\t\t<div class=\"elementor-widget-container\">\n\t\t\t\t\t<div class=\"ot-heading\">\r\n\t        <span class=\"is_line\">Holding exp\u00e9rience conseils <\/span>\t        <h4 class=\"main-head\">Vous accompagne sur le chemin de la <span class=\"hl-text\">Performance<\/span><\/h4>\t    <\/div>\r\n\t    \t\t<\/div>\n\t\t\t\t<\/div>\n\t\t\t\t<div class=\"elementor-element elementor-element-8515723 elementor-widget elementor-widget-text-editor\" data-id=\"8515723\" data-element_type=\"widget\" data-widget_type=\"text-editor.default\">\n\t\t\t\t<div class=\"elementor-widget-container\">\n\t\t\t<style>\/*! elementor - v3.18.0 - 08-12-2023 *\/\n.elementor-widget-text-editor.elementor-drop-cap-view-stacked .elementor-drop-cap{background-color:#69727d;color:#fff}.elementor-widget-text-editor.elementor-drop-cap-view-framed .elementor-drop-cap{color:#69727d;border:3px solid;background-color:transparent}.elementor-widget-text-editor:not(.elementor-drop-cap-view-default) .elementor-drop-cap{margin-top:8px}.elementor-widget-text-editor:not(.elementor-drop-cap-view-default) .elementor-drop-cap-letter{width:1em;height:1em}.elementor-widget-text-editor .elementor-drop-cap{float:left;text-align:center;line-height:1;font-size:50px}.elementor-widget-text-editor .elementor-drop-cap-letter{display:inline-block}<\/style>\t\t\t\t<p>Consultants ind\u00e9pendants, sp\u00e9cialistes reconnus dans nos domaines, nous sommes d&rsquo;anciens Dirigeants de moyennes entreprises &amp; PME, cadres de cabinets d\u2019audit &amp; conseil qui exercent des activit\u00e9s de consulting, de formation et d\u2019accompagnement en gestion.Nous sommes une \u00e9quipe d\u2019hommes et de femmes engag\u00e9s \u00e0 cr\u00e9er un impact plus social dans l\u2019accompagnement des entrepreneurs \u00e0 travers nos actions de\u00a0<b>m\u00e9c\u00e9nat<\/b>\u00a0<strong>de comp\u00e9tences<\/strong>, une grande mobilisation autour de grands d\u00e9fis sociaux et environnementaux. Nous sommes une entreprise sociale.<\/p>\t\t\t\t\t\t<\/div>\n\t\t\t\t<\/div>\n\t\t\t\t\t<\/div>\n\t\t<\/div>\n\t\t\t\t\t\t\t<\/div>\n\t\t<\/section>\n\t\t<div class=\"elementor-element elementor-element-65ea588 e-flex e-con-boxed e-con e-parent\" data-id=\"65ea588\" data-element_type=\"container\" data-settings=\"{&quot;background_background&quot;:&quot;classic&quot;,&quot;content_width&quot;:&quot;boxed&quot;}\" data-core-v316-plus=\"true\">\n\t\t\t\t\t<div class=\"e-con-inner\">\n\t\t<div class=\"elementor-element elementor-element-aabd03d e-con-full e-flex e-con e-child\" data-id=\"aabd03d\" data-element_type=\"container\" data-settings=\"{&quot;content_width&quot;:&quot;full&quot;}\">\n\t\t\t\t<div class=\"elementor-element elementor-element-db44c6e with-border-yes bline-yes hover-dark-yes elementor-widget elementor-widget-iiconbox1\" data-id=\"db44c6e\" data-element_type=\"widget\" data-widget_type=\"iiconbox1.default\">\n\t\t\t\t<div class=\"elementor-widget-container\">\n\t\t\t\t\t<div class=\"icon-box icon-box-1\">\r\n\t\t\t<div class=\"icon-main\">\r\n\t\t\t\t<span class=\"circle-animate\"><\/span>\r\n\t\t    \t<svg aria-hidden=\"true\" class=\"e-font-icon-svg e-fab-sketch\" viewBox=\"0 0 512 512\" xmlns=\"http:\/\/www.w3.org\/2000\/svg\"><path d=\"M27.5 162.2L9 187.1h90.5l6.9-130.7-78.9 105.8zM396.3 45.7L267.7 32l135.7 147.2-7.1-133.5zM112.2 218.3l-11.2-22H9.9L234.8 458zm2-31.2h284l-81.5-88.5L256.3 33zm297.3 9.1L277.6 458l224.8-261.7h-90.9zM415.4 69L406 56.4l.9 17.3 6.1 113.4h90.3zM113.5 93.5l-4.6 85.6L244.7 32 116.1 45.7zm287.7 102.7h-290l42.4 82.9L256.3 480l144.9-283.8z\"><\/path><\/svg>\t        <\/div>\r\n\t        <div class=\"content-box\">\r\n\t\t\t\t<h5 class=\"title-box\"><a href=\"#\">une entreprise sociale<\/a><\/h5>\t\t\t\t\t\t\t<\/div>\r\n\t\t\t\t\r\n\t    <\/div>\r\n\t    \t\t<\/div>\n\t\t\t\t<\/div>\n\t\t\t\t<\/div>\n\t\t<div class=\"elementor-element elementor-element-df15e3b e-con-full e-flex e-con e-child\" data-id=\"df15e3b\" data-element_type=\"container\" data-settings=\"{&quot;content_width&quot;:&quot;full&quot;}\">\n\t\t\t\t<div class=\"elementor-element elementor-element-c0ce11b with-border-yes bline-yes hover-dark-yes elementor-widget elementor-widget-iiconbox1\" data-id=\"c0ce11b\" data-element_type=\"widget\" data-widget_type=\"iiconbox1.default\">\n\t\t\t\t<div class=\"elementor-widget-container\">\n\t\t\t\t\t<div class=\"icon-box icon-box-1\">\r\n\t\t\t<div class=\"icon-main\">\r\n\t\t\t\t<span class=\"circle-animate\"><\/span>\r\n\t\t    \t<svg aria-hidden=\"true\" class=\"e-font-icon-svg e-fas-star\" viewBox=\"0 0 576 512\" xmlns=\"http:\/\/www.w3.org\/2000\/svg\"><path d=\"M259.3 17.8L194 150.2 47.9 171.5c-26.2 3.8-36.7 36.1-17.7 54.6l105.7 103-25 145.5c-4.5 26.3 23.2 46 46.4 33.7L288 439.6l130.7 68.7c23.2 12.2 50.9-7.4 46.4-33.7l-25-145.5 105.7-103c19-18.5 8.5-50.8-17.7-54.6L382 150.2 316.7 17.8c-11.7-23.6-45.6-23.9-57.4 0z\"><\/path><\/svg>\t        <\/div>\r\n\t        <div class=\"content-box\">\r\n\t\t\t\t<h5 class=\"title-box\"><a href=\"#\">sp\u00e9cialistes reconnus <\/a><\/h5>\t\t\t\t\t\t\t<\/div>\r\n\t\t\t\t\r\n\t    <\/div>\r\n\t    \t\t<\/div>\n\t\t\t\t<\/div>\n\t\t\t\t<\/div>\n\t\t<div class=\"elementor-element elementor-element-884fb86 e-con-full e-flex e-con e-child\" data-id=\"884fb86\" data-element_type=\"container\" data-settings=\"{&quot;content_width&quot;:&quot;full&quot;}\">\n\t\t\t\t<div class=\"elementor-element elementor-element-d927e10 with-border-yes bline-yes hover-dark-yes elementor-widget elementor-widget-iiconbox1\" data-id=\"d927e10\" data-element_type=\"widget\" data-widget_type=\"iiconbox1.default\">\n\t\t\t\t<div class=\"elementor-widget-container\">\n\t\t\t\t\t<div class=\"icon-box icon-box-1\">\r\n\t\t\t<div class=\"icon-main\">\r\n\t\t\t\t<span class=\"circle-animate\"><\/span>\r\n\t\t    \t<svg aria-hidden=\"true\" class=\"e-font-icon-svg e-fas-warehouse\" viewBox=\"0 0 640 512\" xmlns=\"http:\/\/www.w3.org\/2000\/svg\"><path d=\"M504 352H136.4c-4.4 0-8 3.6-8 8l-.1 48c0 4.4 3.6 8 8 8H504c4.4 0 8-3.6 8-8v-48c0-4.4-3.6-8-8-8zm0 96H136.1c-4.4 0-8 3.6-8 8l-.1 48c0 4.4 3.6 8 8 8h368c4.4 0 8-3.6 8-8v-48c0-4.4-3.6-8-8-8zm0-192H136.6c-4.4 0-8 3.6-8 8l-.1 48c0 4.4 3.6 8 8 8H504c4.4 0 8-3.6 8-8v-48c0-4.4-3.6-8-8-8zm106.5-139L338.4 3.7a48.15 48.15 0 0 0-36.9 0L29.5 117C11.7 124.5 0 141.9 0 161.3V504c0 4.4 3.6 8 8 8h80c4.4 0 8-3.6 8-8V256c0-17.6 14.6-32 32.6-32h382.8c18 0 32.6 14.4 32.6 32v248c0 4.4 3.6 8 8 8h80c4.4 0 8-3.6 8-8V161.3c0-19.4-11.7-36.8-29.5-44.3z\"><\/path><\/svg>\t        <\/div>\r\n\t        <div class=\"content-box\">\r\n\t\t\t\t<h5 class=\"title-box\"><a href=\"#\">vision globale des projets<\/a><\/h5>\t\t\t\t\t\t\t<\/div>\r\n\t\t\t\t\r\n\t    <\/div>\r\n\t    \t\t<\/div>\n\t\t\t\t<\/div>\n\t\t\t\t<\/div>\n\t\t<div class=\"elementor-element elementor-element-c9dcef3 e-con-full e-flex e-con e-child\" data-id=\"c9dcef3\" data-element_type=\"container\" data-settings=\"{&quot;content_width&quot;:&quot;full&quot;}\">\n\t\t\t\t<div class=\"elementor-element elementor-element-45a5b62 with-border-yes bline-yes hover-dark-yes elementor-widget elementor-widget-iiconbox1\" data-id=\"45a5b62\" data-element_type=\"widget\" data-widget_type=\"iiconbox1.default\">\n\t\t\t\t<div class=\"elementor-widget-container\">\n\t\t\t\t\t<div class=\"icon-box icon-box-1\">\r\n\t\t\t<div class=\"icon-main\">\r\n\t\t\t\t<span class=\"circle-animate\"><\/span>\r\n\t\t    \t<svg aria-hidden=\"true\" class=\"e-font-icon-svg e-fab-ello\" viewBox=\"0 0 496 512\" xmlns=\"http:\/\/www.w3.org\/2000\/svg\"><path d=\"M248 8C111.03 8 0 119.03 0 256s111.03 248 248 248 248-111.03 248-248S384.97 8 248 8zm143.84 285.2C375.31 358.51 315.79 404.8 248 404.8s-127.31-46.29-143.84-111.6c-1.65-7.44 2.48-15.71 9.92-17.36 7.44-1.65 15.71 2.48 17.36 9.92 14.05 52.91 62 90.11 116.56 90.11s102.51-37.2 116.56-90.11c1.65-7.44 9.92-12.4 17.36-9.92 7.44 1.65 12.4 9.92 9.92 17.36z\"><\/path><\/svg>\t        <\/div>\r\n\t        <div class=\"content-box\">\r\n\t\t\t\t<h5 class=\"title-box\"><a href=\"#\">engag\u00e9s \u00e0 cr\u00e9er un impact plus social <\/a><\/h5>\t\t\t\t\t\t\t<\/div>\r\n\t\t\t\t\r\n\t    <\/div>\r\n\t    \t\t<\/div>\n\t\t\t\t<\/div>\n\t\t\t\t<\/div>\n\t\t\t\t\t<\/div>\n\t\t\t\t<\/div>\n\t\t<div class=\"elementor-element elementor-element-5ede3dd e-flex e-con-boxed e-con e-parent\" data-id=\"5ede3dd\" data-element_type=\"container\" data-settings=\"{&quot;content_width&quot;:&quot;boxed&quot;}\" data-core-v316-plus=\"true\">\n\t\t\t\t\t<div class=\"e-con-inner\">\n\t\t<div class=\"elementor-element elementor-element-7292a07 e-con-full e-flex e-con e-child\" data-id=\"7292a07\" data-element_type=\"container\" data-settings=\"{&quot;content_width&quot;:&quot;full&quot;}\">\n\t\t\t\t<div class=\"elementor-element elementor-element-5db9128 elementor-widget elementor-widget-iheading\" data-id=\"5db9128\" data-element_type=\"widget\" data-widget_type=\"iheading.default\">\n\t\t\t\t<div class=\"elementor-widget-container\">\n\t\t\t\t\t<div class=\"ot-heading\">\r\n\t        <span class=\"is_line\">Holding exp\u00e9rience conseils <\/span>\t        <h3 class=\"main-head\">Nous r\u00e9alisons pour nos <span class=\"hl-text\"> <b>clients <\/b> <\/span><\/h3>\t    <\/div>\r\n\t    \t\t<\/div>\n\t\t\t\t<\/div>\n\t\t\t\t<div class=\"elementor-element elementor-element-1fffc1d elementor-widget elementor-widget-text-editor\" data-id=\"1fffc1d\" data-element_type=\"widget\" data-widget_type=\"text-editor.default\">\n\t\t\t\t<div class=\"elementor-widget-container\">\n\t\t\t\t\t\t\t<ul><li>De la Formation en Gestion des entreprises et Comp\u00e9tences Entrepreneuriales et Socio-\u00e9motionnelles &#8230;<\/li><li>Du conseil en management, sur des questions juridiques et fiscales&#8230;<\/li><li>De l\u2019Audit social et soci\u00e9tal &#8230;<\/li><li>Du Business Outsourcing<\/li><li>De la Gestion des ressources humaines &#8211; GRH<\/li><\/ul>\t\t\t\t\t\t<\/div>\n\t\t\t\t<\/div>\n\t\t\t\t<div class=\"elementor-element elementor-element-555f65b elementor-widget elementor-widget-ibutton\" data-id=\"555f65b\" data-element_type=\"widget\" data-widget_type=\"ibutton.default\">\n\t\t\t\t<div class=\"elementor-widget-container\">\n\t\t\t\t\t<div class=\"ot-button\">\r\n\t\t\t<a href=\"https:\/\/he-conseil.com\/index.php\/que-faisons-nous\/\" class=\"octf-btn octf-btn-main\">En savoir plus<\/a>\r\n\t    <\/div>\r\n\t    \t\t<\/div>\n\t\t\t\t<\/div>\n\t\t\t\t<\/div>\n\t\t<div class=\"elementor-element elementor-element-4dce84c e-con-full e-flex e-con e-child\" data-id=\"4dce84c\" data-element_type=\"container\" data-settings=\"{&quot;content_width&quot;:&quot;full&quot;}\">\n\t\t\t\t<div class=\"elementor-element elementor-element-9fa93e3 elementor-widget elementor-widget-image\" data-id=\"9fa93e3\" data-element_type=\"widget\" data-widget_type=\"image.default\">\n\t\t\t\t<div class=\"elementor-widget-container\">\n\t\t\t\t\t\t\t\t\t\t\t\t\t\t\t<img decoding=\"async\" width=\"1024\" height=\"1024\" src=\"https:\/\/he-conseil.com\/wp-content\/uploads\/2023\/12\/cequenoufaisaons-min-1024x1024.jpg\" class=\"attachment-large size-large wp-image-2402\" alt=\"\" srcset=\"https:\/\/he-conseil.com\/wp-content\/uploads\/2023\/12\/cequenoufaisaons-min-1024x1024.jpg 1024w, https:\/\/he-conseil.com\/wp-content\/uploads\/2023\/12\/cequenoufaisaons-min-300x300.jpg 300w, https:\/\/he-conseil.com\/wp-content\/uploads\/2023\/12\/cequenoufaisaons-min-150x150.jpg 150w, https:\/\/he-conseil.com\/wp-content\/uploads\/2023\/12\/cequenoufaisaons-min-768x768.jpg 768w, https:\/\/he-conseil.com\/wp-content\/uploads\/2023\/12\/cequenoufaisaons-min-600x600.jpg 600w, https:\/\/he-conseil.com\/wp-content\/uploads\/2023\/12\/cequenoufaisaons-min-1200x1200.jpg 1200w, https:\/\/he-conseil.com\/wp-content\/uploads\/2023\/12\/cequenoufaisaons-min.jpg 1500w\" sizes=\"(max-width: 1024px) 100vw, 1024px\" \/>\t\t\t\t\t\t\t\t\t\t\t\t\t\t\t<\/div>\n\t\t\t\t<\/div>\n\t\t\t\t<\/div>\n\t\t\t\t\t<\/div>\n\t\t\t\t<\/div>\n\t\t\t\t\t\t\t<\/div>\n\t\t","protected":false},"excerpt":{"rendered":"<p>Holding exp\u00e9rience conseils &#8230;Bienvenue Holding exp\u00e9rience conseils Vous accompagne sur le chemin de la Performance Consultants ind\u00e9pendants, sp\u00e9cialistes reconnus dans nos domaines, nous sommes d&rsquo;anciens Dirigeants de moyennes entreprises &amp; PME, cadres de cabinets d\u2019audit &amp; conseil qui exercent des activit\u00e9s de consulting, de formation et d\u2019accompagnement en gestion.Nous sommes une \u00e9quipe d\u2019hommes et de [&hellip;]<\/p>\n","protected":false},"author":1,"featured_media":0,"parent":0,"menu_order":0,"comment_status":"closed","ping_status":"closed","template":"","meta":{"footnotes":""},"class_list":["post-1023","page","type-page","status-publish","hentry"],"_links":{"self":[{"href":"https:\/\/he-conseil.com\/index.php\/wp-json\/wp\/v2\/pages\/1023","targetHints":{"allow":["GET"]}}],"collection":[{"href":"https:\/\/he-conseil.com\/index.php\/wp-json\/wp\/v2\/pages"}],"about":[{"href":"https:\/\/he-conseil.com\/index.php\/wp-json\/wp\/v2\/types\/page"}],"author":[{"embeddable":true,"href":"https:\/\/he-conseil.com\/index.php\/wp-json\/wp\/v2\/users\/1"}],"replies":[{"embeddable":true,"href":"https:\/\/he-conseil.com\/index.php\/wp-json\/wp\/v2\/comments?post=1023"}],"version-history":[{"count":66,"href":"https:\/\/he-conseil.com\/index.php\/wp-json\/wp\/v2\/pages\/1023\/revisions"}],"predecessor-version":[{"id":2525,"href":"https:\/\/he-conseil.com\/index.php\/wp-json\/wp\/v2\/pages\/1023\/revisions\/2525"}],"wp:attachment":[{"href":"https:\/\/he-conseil.com\/index.php\/wp-json\/wp\/v2\/media?parent=1023"}],"curies":[{"name":"wp","href":"https:\/\/api.w.org\/{rel}","templated":true}]}}