{"id":2337,"date":"2023-12-15T20:27:41","date_gmt":"2023-12-15T20:27:41","guid":{"rendered":"https:\/\/he-conseil.com\/?page_id=2337"},"modified":"2023-12-27T11:52:03","modified_gmt":"2023-12-27T11:52:03","slug":"que-faisons-nous","status":"publish","type":"page","link":"https:\/\/he-conseil.com\/index.php\/que-faisons-nous\/","title":{"rendered":"Que faisons-nous ?"},"content":{"rendered":"\t\t<div data-elementor-type=\"wp-page\" data-elementor-id=\"2337\" class=\"elementor elementor-2337\">\n\t\t\t\t\t\t\t<div class=\"elementor-element elementor-element-76b0a39 e-flex e-con-boxed e-con e-parent\" data-id=\"76b0a39\" data-element_type=\"container\" data-settings=\"{&quot;content_width&quot;:&quot;boxed&quot;}\" data-core-v316-plus=\"true\">\n\t\t\t\t\t<div class=\"e-con-inner\">\n\t\t\t\t\t<\/div>\n\t\t\t\t<\/div>\n\t\t<div class=\"elementor-element elementor-element-069ac03 e-flex e-con-boxed e-con e-parent\" data-id=\"069ac03\" data-element_type=\"container\" data-settings=\"{&quot;content_width&quot;:&quot;boxed&quot;}\" data-core-v316-plus=\"true\">\n\t\t\t\t\t<div class=\"e-con-inner\">\n\t\t\t\t\t<\/div>\n\t\t\t\t<\/div>\n\t\t<div class=\"elementor-element elementor-element-17b23b7 e-flex e-con-boxed e-con e-parent\" data-id=\"17b23b7\" data-element_type=\"container\" data-settings=\"{&quot;content_width&quot;:&quot;boxed&quot;}\" data-core-v316-plus=\"true\">\n\t\t\t\t\t<div class=\"e-con-inner\">\n\t\t<div class=\"elementor-element elementor-element-be1ba0e e-con-full e-flex e-con e-child\" data-id=\"be1ba0e\" data-element_type=\"container\" data-settings=\"{&quot;content_width&quot;:&quot;full&quot;}\">\n\t\t\t\t<\/div>\n\t\t<div class=\"elementor-element elementor-element-9e978a6 e-con-full e-flex e-con e-child\" data-id=\"9e978a6\" data-element_type=\"container\" data-settings=\"{&quot;content_width&quot;:&quot;full&quot;}\">\n\t\t\t\t<div class=\"elementor-element elementor-element-da99027 elementor-widget elementor-widget-text-editor\" data-id=\"da99027\" data-element_type=\"widget\" data-widget_type=\"text-editor.default\">\n\t\t\t\t<div class=\"elementor-widget-container\">\n\t\t\t<style>\/*! elementor - v3.18.0 - 08-12-2023 *\/\n.elementor-widget-text-editor.elementor-drop-cap-view-stacked .elementor-drop-cap{background-color:#69727d;color:#fff}.elementor-widget-text-editor.elementor-drop-cap-view-framed .elementor-drop-cap{color:#69727d;border:3px solid;background-color:transparent}.elementor-widget-text-editor:not(.elementor-drop-cap-view-default) .elementor-drop-cap{margin-top:8px}.elementor-widget-text-editor:not(.elementor-drop-cap-view-default) .elementor-drop-cap-letter{width:1em;height:1em}.elementor-widget-text-editor .elementor-drop-cap{float:left;text-align:center;line-height:1;font-size:50px}.elementor-widget-text-editor .elementor-drop-cap-letter{display:inline-block}<\/style>\t\t\t\t<h3><strong>Nous r\u00e9alisons pour nos clients :<\/strong><\/h3>\n<ul>\n<li><strong>Du Business Outsourcing dans les domaines<\/strong><\/li>\n<li><strong>Du management op\u00e9rationnel : Strat\u00e9gie, Planification, Organisation, gestion financi\u00e8re, CRM, Force de vente&nbsp;<\/strong><\/li>\n<li><strong>De la gestion des ressources financi\u00e8res : Comptabilit\u00e9 SMT, Gestion de la tr\u00e9sorerie, gestion des stocks, des Immobilisations et pilotage de la rentabilit\u00e9<\/strong><\/li>\n<li><strong>De la Gestion des ressources humaines &#8211; GRH <\/strong><\/li>\n<li><strong>Gestion du recrutement, de l\u2019Onboarding et Offboarding<\/strong><\/li>\n<li><strong>De la r\u00e9mun\u00e9ration : G\u00e9n\u00e9ration de la paie, paiement des cotisations<\/strong><\/li>\n<li><strong>Gestion des comp\u00e9tences, de la motivation et de la performance<\/strong><\/li>\n<li><strong>Gestion des carri\u00e8res : Accompagnement \u00e0 l\u2019\u00e9volution et Changement de plan de carri\u00e8res&nbsp;<\/strong><\/li>\n<li><strong>Gestion des relations sociales, du climat social&nbsp;<\/strong><\/li>\n<\/ul>\t\t\t\t\t\t<\/div>\n\t\t\t\t<\/div>\n\t\t\t\t<\/div>\n\t\t<div class=\"elementor-element elementor-element-ff70cbb e-con-full e-flex e-con e-child\" data-id=\"ff70cbb\" data-element_type=\"container\" data-settings=\"{&quot;content_width&quot;:&quot;full&quot;}\">\n\t\t\t\t<\/div>\n\t\t\t\t\t<\/div>\n\t\t\t\t<\/div>\n\t\t\t\t\t\t\t<\/div>\n\t\t","protected":false},"excerpt":{"rendered":"<p>Nous r\u00e9alisons pour nos clients : Du Business Outsourcing dans les domaines Du management op\u00e9rationnel : Strat\u00e9gie, Planification, Organisation, gestion financi\u00e8re, CRM, Force de vente&nbsp; De la gestion des ressources financi\u00e8res : Comptabilit\u00e9 SMT, Gestion de la tr\u00e9sorerie, gestion des stocks, des Immobilisations et pilotage de la rentabilit\u00e9 De la Gestion des ressources humaines &#8211; [&hellip;]<\/p>\n","protected":false},"author":1,"featured_media":0,"parent":0,"menu_order":0,"comment_status":"closed","ping_status":"closed","template":"","meta":{"footnotes":""},"class_list":["post-2337","page","type-page","status-publish","hentry"],"_links":{"self":[{"href":"https:\/\/he-conseil.com\/index.php\/wp-json\/wp\/v2\/pages\/2337","targetHints":{"allow":["GET"]}}],"collection":[{"href":"https:\/\/he-conseil.com\/index.php\/wp-json\/wp\/v2\/pages"}],"about":[{"href":"https:\/\/he-conseil.com\/index.php\/wp-json\/wp\/v2\/types\/page"}],"author":[{"embeddable":true,"href":"https:\/\/he-conseil.com\/index.php\/wp-json\/wp\/v2\/users\/1"}],"replies":[{"embeddable":true,"href":"https:\/\/he-conseil.com\/index.php\/wp-json\/wp\/v2\/comments?post=2337"}],"version-history":[{"count":11,"href":"https:\/\/he-conseil.com\/index.php\/wp-json\/wp\/v2\/pages\/2337\/revisions"}],"predecessor-version":[{"id":2484,"href":"https:\/\/he-conseil.com\/index.php\/wp-json\/wp\/v2\/pages\/2337\/revisions\/2484"}],"wp:attachment":[{"href":"https:\/\/he-conseil.com\/index.php\/wp-json\/wp\/v2\/media?parent=2337"}],"curies":[{"name":"wp","href":"https:\/\/api.w.org\/{rel}","templated":true}]}}