{"id":2346,"date":"2023-12-15T20:28:28","date_gmt":"2023-12-15T20:28:28","guid":{"rendered":"https:\/\/he-conseil.com\/?page_id=2346"},"modified":"2023-12-27T11:53:24","modified_gmt":"2023-12-27T11:53:24","slug":"nos-clients","status":"publish","type":"page","link":"https:\/\/he-conseil.com\/index.php\/nos-clients\/","title":{"rendered":"Nos clients"},"content":{"rendered":"\t\t<div data-elementor-type=\"wp-page\" data-elementor-id=\"2346\" class=\"elementor elementor-2346\">\n\t\t\t\t\t\t\t<div class=\"elementor-element elementor-element-1bcedf4 e-flex e-con-boxed e-con e-parent\" data-id=\"1bcedf4\" data-element_type=\"container\" data-settings=\"{&quot;content_width&quot;:&quot;boxed&quot;}\" data-core-v316-plus=\"true\">\n\t\t\t\t\t<div class=\"e-con-inner\">\n\t\t\t\t\t<\/div>\n\t\t\t\t<\/div>\n\t\t<div class=\"elementor-element elementor-element-b3647b7 e-flex e-con-boxed e-con e-parent\" data-id=\"b3647b7\" data-element_type=\"container\" data-settings=\"{&quot;content_width&quot;:&quot;boxed&quot;}\" data-core-v316-plus=\"true\">\n\t\t\t\t\t<div class=\"e-con-inner\">\n\t\t\t\t\t<\/div>\n\t\t\t\t<\/div>\n\t\t<div class=\"elementor-element elementor-element-fe13b8a e-flex e-con-boxed e-con e-parent\" data-id=\"fe13b8a\" data-element_type=\"container\" data-settings=\"{&quot;content_width&quot;:&quot;boxed&quot;}\" data-core-v316-plus=\"true\">\n\t\t\t\t\t<div class=\"e-con-inner\">\n\t\t<div class=\"elementor-element elementor-element-176f8eb e-con-full e-flex e-con e-child\" data-id=\"176f8eb\" data-element_type=\"container\" data-settings=\"{&quot;content_width&quot;:&quot;full&quot;}\">\n\t\t\t\t<\/div>\n\t\t<div class=\"elementor-element elementor-element-85b4b8d e-con-full e-flex e-con e-child\" data-id=\"85b4b8d\" data-element_type=\"container\" data-settings=\"{&quot;content_width&quot;:&quot;full&quot;}\">\n\t\t\t\t<div class=\"elementor-element elementor-element-3670b56 elementor-widget elementor-widget-text-editor\" data-id=\"3670b56\" data-element_type=\"widget\" data-widget_type=\"text-editor.default\">\n\t\t\t\t<div class=\"elementor-widget-container\">\n\t\t\t<style>\/*! elementor - v3.18.0 - 08-12-2023 *\/\n.elementor-widget-text-editor.elementor-drop-cap-view-stacked .elementor-drop-cap{background-color:#69727d;color:#fff}.elementor-widget-text-editor.elementor-drop-cap-view-framed .elementor-drop-cap{color:#69727d;border:3px solid;background-color:transparent}.elementor-widget-text-editor:not(.elementor-drop-cap-view-default) .elementor-drop-cap{margin-top:8px}.elementor-widget-text-editor:not(.elementor-drop-cap-view-default) .elementor-drop-cap-letter{width:1em;height:1em}.elementor-widget-text-editor .elementor-drop-cap{float:left;text-align:center;line-height:1;font-size:50px}.elementor-widget-text-editor .elementor-drop-cap-letter{display:inline-block}<\/style>\t\t\t\t<p style=\"text-align: justify;\"><strong>Nos Clients<\/strong><\/p><p style=\"text-align: justify;\">Nos clients ce sont des hommes et des femmes entrepreneurs(es), transformateurs(es), g\u00e9rants d\u2019agences immobili\u00e8res, de GIE, des centres commerciaux, de salon de beaut\u00e9, de garages automobiles, des couturiers, de centres sportifs, de boulangeries.<\/p><p style=\"text-align: left;\">Ce sont des autoentrepreneurs qui croient en leur projet et qui ont saut\u00e9 le pas de l\u2019id\u00e9e \u00e0 la cr\u00e9ation. Ils ont une exp\u00e9rience av\u00e9r\u00e9e dans leur domaine et souhaite un accompagnement pour d\u00e9marrer leur business.<\/p><p style=\"text-align: justify;\">Nos clients ce sont des futurs entrepreneurs porteurs de projets g\u00e9n\u00e9ralement dans le domaine du commerce, de la distribution, du BTP, du social, de la confection, l\u2019agriculture, de la transformation, des services aux entreprises&#8230;<\/p><p style=\"text-align: justify;\">Ils\/Elles veulent \u00eatre accompagn\u00e9s(es) dans leur dynamique d\u2019am\u00e9lioration pour une r\u00e9ponse de qualit\u00e9 \u00e0 leur future client\u00e8le. Nos clients ce sont des professionnels lib\u00e9raux dans le domaine de la sant\u00e9, de la pharmacie et para pharmacie qui souhaitent se d\u00e9velopper et \u00eatre dans l\u2019air digital du temps afin de r\u00e9pondre au mieux aux attentes de leurs clients.<\/p>\t\t\t\t\t\t<\/div>\n\t\t\t\t<\/div>\n\t\t\t\t<\/div>\n\t\t<div class=\"elementor-element elementor-element-6efbf1f e-con-full e-flex e-con e-child\" data-id=\"6efbf1f\" data-element_type=\"container\" data-settings=\"{&quot;content_width&quot;:&quot;full&quot;}\">\n\t\t\t\t<\/div>\n\t\t\t\t\t<\/div>\n\t\t\t\t<\/div>\n\t\t\t\t\t\t\t<\/div>\n\t\t","protected":false},"excerpt":{"rendered":"<p>Nos Clients Nos clients ce sont des hommes et des femmes entrepreneurs(es), transformateurs(es), g\u00e9rants d\u2019agences immobili\u00e8res, de GIE, des centres commerciaux, de salon de beaut\u00e9, de garages automobiles, des couturiers, de centres sportifs, de boulangeries. Ce sont des autoentrepreneurs qui croient en leur projet et qui ont saut\u00e9 le pas de l\u2019id\u00e9e \u00e0 la cr\u00e9ation. [&hellip;]<\/p>\n","protected":false},"author":1,"featured_media":0,"parent":0,"menu_order":0,"comment_status":"closed","ping_status":"closed","template":"","meta":{"footnotes":""},"class_list":["post-2346","page","type-page","status-publish","hentry"],"_links":{"self":[{"href":"https:\/\/he-conseil.com\/index.php\/wp-json\/wp\/v2\/pages\/2346","targetHints":{"allow":["GET"]}}],"collection":[{"href":"https:\/\/he-conseil.com\/index.php\/wp-json\/wp\/v2\/pages"}],"about":[{"href":"https:\/\/he-conseil.com\/index.php\/wp-json\/wp\/v2\/types\/page"}],"author":[{"embeddable":true,"href":"https:\/\/he-conseil.com\/index.php\/wp-json\/wp\/v2\/users\/1"}],"replies":[{"embeddable":true,"href":"https:\/\/he-conseil.com\/index.php\/wp-json\/wp\/v2\/comments?post=2346"}],"version-history":[{"count":13,"href":"https:\/\/he-conseil.com\/index.php\/wp-json\/wp\/v2\/pages\/2346\/revisions"}],"predecessor-version":[{"id":2519,"href":"https:\/\/he-conseil.com\/index.php\/wp-json\/wp\/v2\/pages\/2346\/revisions\/2519"}],"wp:attachment":[{"href":"https:\/\/he-conseil.com\/index.php\/wp-json\/wp\/v2\/media?parent=2346"}],"curies":[{"name":"wp","href":"https:\/\/api.w.org\/{rel}","templated":true}]}}